{"id":191,"date":"2019-02-06T14:46:22","date_gmt":"2019-02-06T13:46:22","guid":{"rendered":"http:\/\/z-mig.com\/?page_id=191"},"modified":"2020-09-30T21:15:55","modified_gmt":"2020-09-30T19:15:55","slug":"privacy-statement","status":"publish","type":"page","link":"https:\/\/z-mig.com\/de\/privacy-statement","title":{"rendered":"DATENSCHUTZ"},"content":{"rendered":"<\/p>\n\n\n<h2 class=\"wp-block-heading\">1. Datenschutz auf einen Blick<\/h2>\n\n\n\n<p><strong>Allgemeine Hinweise<\/strong><\/p>\n\n\n\n<p>Die folgenden Hinweise geben einen einfachen \u00dcberblick\ndar\u00fcber, was mit Ihren personenbezogenen Daten passiert, wenn Sie unsere\nWebsite besuchen. Personenbezogene Daten sind alle Daten, mit denen Sie\npers\u00f6nlich identifiziert werden k\u00f6nnen. Ausf\u00fchrliche Informationen zum Thema\nDatenschutz entnehmen Sie unserer unter diesem Text aufgef\u00fchrten\nDatenschutzerkl\u00e4rung.<\/p>\n\n\n\n<p><strong>Datenerfassung auf unserer Website<\/strong><\/p>\n\n\n\n<p><strong>Wer ist verantwortlich\nf\u00fcr die Datenerfassung auf dieser Website?<\/strong><\/p>\n\n\n\n<p>Die Datenverarbeitung auf dieser Website erfolgt durch:<\/p>\n\n\n\n<p><strong>Z-MIG Consulting GmbH<\/strong> <br>Busch\u00f6hrchen 38<br>53819 Neunkirchen-Seelscheid<br><br>Telefon: +49 (0) 2247 96 83 534<br> E-Mail: office[at]z-mig.com<br><br>Gesch\u00e4ftsf\u00fchrer: Bennet Sch\u00fcbel, Constantin Drautzburg<br>Sitz der Gesellschaft: Neunkirchen Seelscheid<br>Registergericht: Amtsgericht Siegburg  <br>Registernummer: HRB 15243<br>Umsatzsteuer-Identifikationsnummer gem\u00e4\u00df \u00a7 27a Umsatzsteuergesetz: <br>DE 32198578<\/p>\n\n\n\n<p><strong>Wie erfassen wir Ihre\nDaten?<\/strong><\/p>\n\n\n\n<p>Ihre Daten werden zum einen dadurch erhoben, dass Sie uns\ndiese mitteilen. Hierbei kann es sich z.B. um Daten handeln, die Sie in ein\nKontaktformular eingeben. Andere Daten werden automatisch beim Besuch der\nWebsite durch unsere IT-Systeme erfasst. Das sind vor allem technische Daten\n(z.B. Internetbrowser, Betriebssystem oder Uhrzeit des Seitenaufrufs). Die Erfassung\ndieser Daten erfolgt automatisch, sobald Sie unsere Website betreten.<\/p>\n\n\n\n<p><strong>Wof\u00fcr nutzen wir Ihre\nDaten?<\/strong><\/p>\n\n\n\n<p>Ein Teil der Daten wird erhoben, um eine fehlerfreie\nBereitstellung der Website zu gew\u00e4hrleisten. Andere Daten k\u00f6nnen zur Analyse\nIhres Nutzerverhaltens verwendet werden.<\/p>\n\n\n\n<p><strong>Welche Rechte haben\nSie bez\u00fcglich Ihrer Daten?<\/strong><\/p>\n\n\n\n<p>Sie haben jederzeit das Recht unentgeltlich Auskunft \u00fcber\nHerkunft, Empf\u00e4nger und Zweck Ihrer gespeicherten personenbezogenen Daten zu\nerhalten. Sie haben au\u00dferdem ein Recht, die Berichtigung, Sperrung oder\nL\u00f6schung dieser Daten zu verlangen. Hierzu sowie zu weiteren Fragen zum Thema Datenschutz\nk\u00f6nnen Sie sich jederzeit unter der im Impressum angegebenen Adresse an uns\nwenden. Des Weiteren steht Ihnen ein Beschwerderecht bei der zust\u00e4ndigen\nAufsichtsbeh\u00f6rde zu. <\/p>\n\n\n\n<p><strong>Analyse-Tools und\nTools von Drittanbietern<\/strong><\/p>\n\n\n\n<p>Beim Besuch unserer Website kann Ihr Surf-Verhalten\nstatistisch ausgewertet werden. Das geschieht vor allem mit Cookies und mit\nsogenannten Analyseprogrammen. Die Analyse Ihres Surf-Verhaltens erfolgt in der\nRegel anonym; das Surf-Verhalten kann nicht zu Ihnen zur\u00fcckverfolgt werden. Sie\nk\u00f6nnen dieser Analyse widersprechen oder sie durch die Nichtbenutzung\nbestimmter Tools verhindern. Detaillierte Informationen dazu finden Sie in der\nfolgenden Datenschutzerkl\u00e4rung. Sie k\u00f6nnen dieser Analyse widersprechen. \u00dcber\ndie Widerspruchsm\u00f6glichkeiten werden wir Sie in dieser Datenschutzerkl\u00e4rung\ninformieren.<\/p>\n\n\n\n<h2 class=\"wp-block-heading\">2. Allgemeine Hinweise und Pflichtinformationen<\/h2>\n\n\n\n<p><strong>Datenschutz<\/strong><\/p>\n\n\n\n<p>Die Betreiber dieser Seiten nehmen den Schutz Ihrer\npers\u00f6nlichen Daten sehr ernst. Wir behandeln Ihre personenbezogenen Daten\nvertraulich und entsprechend der gesetzlichen Datenschutzvorschriften sowie dieser\nDatenschutzerkl\u00e4rung. Wenn Sie diese Website benutzen, werden verschiedene\npersonenbezogene Daten erhoben. Personenbezogene Daten sind Daten, mit denen\nSie pers\u00f6nlich identifiziert werden k\u00f6nnen. Die vorliegende Datenschutzerkl\u00e4rung\nerl\u00e4utert, welche Daten wir erheben und wof\u00fcr wir sie nutzen. Sie erl\u00e4utert\nauch, wie und zu welchem Zweck das geschieht. Wir weisen darauf hin, dass die\nDaten\u00fcbertragung im Internet (z.B. bei der Kommunikation per E-Mail) Sicherheitsl\u00fccken\naufweisen kann. Ein l\u00fcckenloser Schutz der Daten vor dem Zugriff durch Dritte\nist nicht m\u00f6glich.<\/p>\n\n\n\n<p><strong>Hinweis zur\nverantwortlichen Stelle<\/strong><\/p>\n\n\n\n<p>Die verantwortliche Stelle f\u00fcr die Datenverarbeitung auf\ndieser Website ist:<\/p>\n\n\n\n<p><strong>Z-MIG Consulting GmbH<\/strong><br>Busch\u00f6hrchen 38<br>53819 Neunkirchen-Seelscheid<br>Telefon: +49 (0) 2247 96 83 534<br>E-Mail: office[at]z-mig.com   <\/p>\n\n\n\n<p>Verantwortliche Stelle ist die nat\u00fcrliche oder juristische Person, die allein oder gemeinsam mit anderen \u00fcber die Zwecke und Mittel der Verarbeitung von personenbezogenen Daten (z.B. Namen, E-Mail-Adressen o. \u00c4.) entscheidet.<\/p>\n\n\n\n<p><strong>Widerruf Ihrer\nEinwilligung zur Datenverarbeitung<\/strong><\/p>\n\n\n\n<p>Viele Datenverarbeitungsvorg\u00e4nge sind nur mit Ihrer\nausdr\u00fccklichen Einwilligung m\u00f6glich. Sie k\u00f6nnen eine bereits erteilte Einwilligung\njederzeit widerrufen. Dazu reicht eine formlose Mitteilung per E-Mail an uns. Die\nRechtm\u00e4\u00dfigkeit der bis zum Widerruf erfolgten Datenverarbeitung bleibt vom\nWiderruf unber\u00fchrt.<\/p>\n\n\n\n<p><strong>Beschwerderecht bei\nder zust\u00e4ndigen Aufsichtsbeh\u00f6rde<\/strong><\/p>\n\n\n\n<p>Im Falle von Verst\u00f6\u00dfen gegen die DSGVO steht den Betroffenen\nein Beschwerderecht bei einer Aufsichtsbeh\u00f6rde, insbesondere in dem\nMitgliedstaat ihres gew\u00f6hnlichen Aufenthalts, ihres Arbeitsplatzes oder des\nOrts des mutma\u00dflichen Versto\u00dfes zu. Das Beschwerderecht besteht unbeschadet\nanderweitiger verwaltungsrechtlicher oder gerichtlicher Rechtsbehelfe.<\/p>\n\n\n\n<p><strong>Recht auf\nDaten\u00fcbertragbarkeit<\/strong><\/p>\n\n\n\n<p>Sie haben das Recht, Daten, die wir auf Grundlage Ihrer\nEinwilligung oder in Erf\u00fcllung eines Vertrags automatisiert verarbeiten, an\nsich oder an einen Dritten in einem g\u00e4ngigen, maschinenlesbaren Format aush\u00e4ndigen\nzu lassen. Sofern Sie die direkte \u00dcbertragung der Daten an einen anderen\nVerantwortlichen verlangen, erfolgt dies nur, soweit es technisch machbar ist.<\/p>\n\n\n\n<p><strong>Auskunft, Sperrung,\nL\u00f6schung<\/strong><\/p>\n\n\n\n<p>Sie haben im Rahmen der geltenden gesetzlichen Bestimmungen\njederzeit das Recht auf unentgeltliche Auskunft \u00fcber Ihre gespeicherten\npersonenbezogenen Daten, deren Herkunft und Empf\u00e4nger und den Zweck der\nDatenverarbeitung und ggf. ein Recht auf Berichtigung, Sperrung oder L\u00f6schung\ndieser Daten. Hierzu sowie zu weiteren Fragen zum Thema personenbezogene Daten\nk\u00f6nnen Sie sich jederzeit unter der im Impressum angegebenen Adresse an uns\nwenden.<\/p>\n\n\n\n<h2 class=\"wp-block-heading\">3. Datenerfassung auf unserer Website<\/h2>\n\n\n\n<p><strong>Cookies<\/strong><\/p>\n\n\n\n<p>Die Internetseiten verwenden teilweise so genannte Cookies.\nCookies richten auf Ihrem Rechner keinen Schaden an und enthalten keine Viren.\nCookies dienen dazu, unser Angebot nutzerfreundlicher, effektiver und sicherer\nzu machen. Cookies sind kleine Textdateien, die auf Ihrem Rechner abgelegt\nwerden und die Ihr Browser speichert. Die meisten der von uns verwendeten\nCookies sind so genannte \u201cSession-Cookies\u201d. Sie werden nach Ende Ihres Besuchs\nautomatisch gel\u00f6scht. Andere Cookies bleiben auf Ihrem Endger\u00e4t gespeichert bis\nSie diese l\u00f6schen. Diese Cookies erm\u00f6glichen es uns, Ihren Browser beim\nn\u00e4chsten Besuch wiederzuerkennen. Sie k\u00f6nnen Ihren Browser so einstellen, dass\nSie \u00fcber das Setzen von Cookies informiert werden und Cookies nur im Einzelfall\nerlauben, die Annahme von Cookies f\u00fcr bestimmte F\u00e4lle oder generell\nausschlie\u00dfen sowie das automatische L\u00f6schen der Cookies beim Schlie\u00dfen des\nBrowsers aktivieren. Bei der Deaktivierung von Cookies kann die Funktionalit\u00e4t\ndieser Website eingeschr\u00e4nkt sein. Cookies, die zur Durchf\u00fchrung des\nelektronischen Kommunikationsvorgangs oder zur Bereitstellung bestimmter, von\nIhnen erw\u00fcnschter Funktionen (z.B. Warenkorbfunktion) erforderlich sind, werden\nauf Grundlage von Art. 6 Abs. 1 lit. f DSGVO gespeichert. Der Websitebetreiber\nhat ein berechtigtes Interesse an der Speicherung von Cookies zur technisch\nfehlerfreien und optimierten Bereitstellung seiner Dienste. Soweit andere\nCookies (z.B. Cookies zur Analyse Ihres Surfverhaltens) gespeichert werden,\nwerden diese in dieser Datenschutzerkl\u00e4rung gesondert behandelt.<\/p>\n\n\n\n<p><strong>Server-Log-Dateien<\/strong><\/p>\n\n\n\n<p>Der Provider der Seiten erhebt und speichert automatisch\nInformationen in so genannten Server-Log- Dateien, die Ihr Browser automatisch\nan uns \u00fcbermittelt. Dies sind:<\/p>\n\n\n\n<ul class=\"wp-block-list\"><li>Browsertyp und Browserversion<\/li><li>verwendetes Betriebssystem<\/li><li>Referrer URL<\/li><li>Hostname des zugreifenden Rechners<\/li><li>Uhrzeit der Serveranfrage<\/li><li>IP-Adresse<\/li><\/ul>\n\n\n\n<p>Eine Zusammenf\u00fchrung dieser Daten mit anderen Datenquellen\nwird nicht vorgenommen. Die Erfassung dieser Daten erfolgt auf Grundlage von\nArt. 6 Abs. 1 lit. f DSGVO. Der Websitebetreiber hat ein berechtigtes Interesse\nan der technisch fehlerfreien Darstellung und der Optimierung seiner Website\n\u2013hierzu m\u00fcssen die Server-Log-Files erfasst werden.<\/p>\n\n\n\n<p><strong>Anfrage per E-Mail,\nTelefon<\/strong><\/p>\n\n\n\n<p>Wenn Sie uns per E-Mail, Telefon oder Telefax kontaktieren,\nwird Ihre Anfrage inklusive aller daraus hervorgehenden personenbezogenen Daten\n(Name, Anfrage) zum Zwecke der Bearbeitung Ihres Anliegens bei uns gespeichert\nund verarbeitet. Diese Daten geben wir nicht ohne Ihre Einwilligung weiter. Die\nVerarbeitung dieser Daten erfolgt auf Grundlage von Art. 6 Abs. 1 lit. b DSGVO,\nsofern Ihre Anfrage mit der Erf\u00fcllung eines Vertrags zusammenh\u00e4ngt oder zur\nDurchf\u00fchrung vorvertraglicher Ma\u00dfnahmen erforderlich ist. In allen \u00fcbrigen\nF\u00e4llen beruht die Verarbeitung auf Ihrer Einwilligung (Art. 6 Abs. 1 lit. A DSGVO)\nund \/ oder auf unseren berechtigten Interessen (Art. 6 Abs. 1 lit. f DSGVO), da\nwir ein berechtigtes Interesse an der effektiven Bearbeitung der an uns\ngerichteten Anfragen haben. Die von Ihnen an uns per Kontaktanfragen\n\u00fcbersandten Daten verbleiben bei uns, bis Sie uns zur L\u00f6schung auffordern, Ihre\nEinwilligung zur Speicherung widerrufen oder der Zweck f\u00fcr die Datenspeicherung\nentf\u00e4llt (z. B. nach abgeschlossener Bearbeitung Ihres Anliegens). Zwingende\ngesetzliche Bestimmungen \u2013 insbesondere gesetzliche Aufbewahrungsfristen \u2013\nbleiben unber\u00fchrt.<\/p>\n\n\n\n<h2 class=\"wp-block-heading\">4. Analyse-Tools und Werbung<\/h2>\n\n\n\n<p><strong>1&#038;1 Web Analytics<\/strong><\/p>\n\n\n\n<p>Diese Website nutzt die Analysedienste von\n1&#038;1-Webanalytics. Anbieter ist die 1&#038;1 Internet SE, Elgendorfer Stra\u00dfe\n57, D \u2013 56410 Montabaur. Im Rahmen der Analysen mit 1&#038;1 k\u00f6nnen u. a.\nBesucherzahlen und \u2013verhalten (z. B. Anzahl der Seitenaufrufe, Dauer eines\nWebseitenbesuchs, Absprungraten), Besucherquellen (d. h., von welcher Seite der\nBesucher kommt), Besucherstandorte sowie technische Daten (Browser- und\nBetriebssystemversionen) analysiert werden. Zu diesem Zweck speichert 1&#038;1\ninsbesondere folgende Daten:<\/p>\n\n\n\n<ul class=\"wp-block-list\"><li>Referrer (zuvor besuchte Webseite)<\/li><li>angeforderte Webseite oder Datei<\/li><li>Browsertyp und Browserversion<\/li><li>verwendetes Betriebssystem<\/li><li>verwendeter Ger\u00e4tetyp<\/li><li>Uhrzeit des Zugriffs<\/li><li>IP-Adresse in anonymisierter Form (wird nur zur\nFeststellung des Orts des Zugriffs verwendet)<\/li><\/ul>\n\n\n\n<p>Die Datenerfassung erfolgt laut 1&#038;1 vollst\u00e4ndig\nanonymisiert, sodass sie nicht zu einzelnen Personen zur\u00fcckverfolgt werden\nkann. Cookies werden von 1&#038;1-Webanalytics nicht gespeichert. Die\nSpeicherung und Analyse der Daten erfolgt auf Grundlage von Art. 6 Abs. 1 lit.\nf DSGVO. Der Websitebetreiber hat ein berechtigtes Interesse an der statistischen\nAnalyse des Nutzerverhaltens, um sowohl sein Webangebot als auch seine Werbung\nzu optimieren. Weitere Informationen zur Datenerfassung und Verarbeitung durch\n1&#038;1-Webanalytics entnehmen Sie folgenden Links:<\/p>\n\n\n\n<figure class=\"wp-block-embed\"><div class=\"wp-block-embed__wrapper\">\nhttps:\/\/hosting.1und1.de\/hilfe\/online-marketing\/\n<\/div><\/figure>\n\n\n\n<figure class=\"wp-block-embed\"><div class=\"wp-block-embed__wrapper\">\nhttps:\/\/hosting.1und1.de\/hilfe\/datenschutz\/datenverarbeitung-von-webseitenbesuchern-ihres-companyname-produktes\/webanalytics\/\n<\/div><\/figure>\n\n\n\n<figure class=\"wp-block-embed\"><div class=\"wp-block-embed__wrapper\">\nhttps:\/\/hosting.1und1.de\/terms-gtc\/terms-privacy\/\n<\/div><\/figure>\n\n\n\n<p><strong>Auftragsverarbeitung<\/strong><\/p>\n\n\n\n<p>Wir haben mit 1&#038;1 einen Vertrag zur Auftragsverarbeitung\nabgeschlossen. Dieser Vertrag soll den datenschutzkonformen Umgang mit Ihren\npersonenbezogenen Daten durch 1&#038;1 sicherstellen.<\/p>\n\n\n<p>","protected":false},"excerpt":{"rendered":"<p>1. Datenschutz auf einen Blick Allgemeine Hinweise Die folgenden Hinweise geben einen einfachen \u00dcberblick dar\u00fcber, was mit Ihren personenbezogenen Daten passiert, wenn Sie unsere Website besuchen. Personenbezogene Daten sind alle Daten, mit denen Sie pers\u00f6nlich identifiziert werden k\u00f6nnen. Ausf\u00fchrliche Informationen zum Thema Datenschutz entnehmen Sie unserer unter diesem Text aufgef\u00fchrten Datenschutzerkl\u00e4rung. Datenerfassung auf unserer Website&hellip; <br \/> <a class=\"button small blue\" href=\"https:\/\/z-mig.com\/de\/privacy-statement\">Weiterlesen<\/a><\/p>\n","protected":false},"author":1,"featured_media":0,"parent":0,"menu_order":0,"comment_status":"closed","ping_status":"closed","template":"","meta":{"footnotes":""},"class_list":["post-191","page","type-page","status-publish","hentry"],"translation":{"provider":"WPGlobus","version":"3.0.2","language":"de","enabled_languages":["en","de"],"languages":{"en":{"title":true,"content":true,"excerpt":false},"de":{"title":true,"content":true,"excerpt":false}}},"_links":{"self":[{"href":"https:\/\/z-mig.com\/de\/wp-json\/wp\/v2\/pages\/191","targetHints":{"allow":["GET"]}}],"collection":[{"href":"https:\/\/z-mig.com\/de\/wp-json\/wp\/v2\/pages"}],"about":[{"href":"https:\/\/z-mig.com\/de\/wp-json\/wp\/v2\/types\/page"}],"author":[{"embeddable":true,"href":"https:\/\/z-mig.com\/de\/wp-json\/wp\/v2\/users\/1"}],"replies":[{"embeddable":true,"href":"https:\/\/z-mig.com\/de\/wp-json\/wp\/v2\/comments?post=191"}],"version-history":[{"count":16,"href":"https:\/\/z-mig.com\/de\/wp-json\/wp\/v2\/pages\/191\/revisions"}],"predecessor-version":[{"id":418,"href":"https:\/\/z-mig.com\/de\/wp-json\/wp\/v2\/pages\/191\/revisions\/418"}],"wp:attachment":[{"href":"https:\/\/z-mig.com\/de\/wp-json\/wp\/v2\/media?parent=191"}],"curies":[{"name":"wp","href":"https:\/\/api.w.org\/{rel}","templated":true}]}}