{"id":75,"date":"2022-08-22T13:07:07","date_gmt":"2022-08-22T11:07:07","guid":{"rendered":"http:\/\/z-mig.com\/?page_id=75"},"modified":"2022-08-22T13:10:56","modified_gmt":"2022-08-22T11:10:56","slug":"imprint","status":"publish","type":"page","link":"https:\/\/z-mig.com\/de\/imprint","title":{"rendered":"IMPRESSUM"},"content":{"rendered":"<\/p>\n\n\n<h4 class=\"wp-block-heading\"><strong>Angaben gem\u00e4\u00df \u00a7 5 Telemedien Gesetz (TMG)<br><br><\/strong><\/h4>\n\n\n\n<h2 class=\"wp-block-heading\"><strong>Z-MIG Consulting GmbH<\/strong><\/h2>\n\n\n\n<h4 class=\"wp-block-heading\"><strong>Busch\u00f6hrchen 38 | 53819 Neunkirchen-Seelscheid<\/strong><\/h4>\n\n\n\n<p><br><strong>Telefon<\/strong><br><strong>+49 (2247) 96 83 534 | +49 (171) 200 27 96 | +49 (160) 409 87 86<br><\/strong><br><strong>Email<\/strong><br><strong>office@z-mig.com<\/strong><br><br><\/p>\n\n\n<p><strong>Handelsregister<\/strong><br>Registergericht: Amtsgericht Siegburg<br>Handelsregister Nummer: HRB&nbsp;15243<\/p>\n<p><\/p>\n\n\n<p><strong>Steuernummer<\/strong><br>Umsatzsteuer-Identifikationsnummer<br>gem\u00e4\u00df \u00a727 a Umsatzsteuergesetz (UStG): DE32198578<br><br><\/p>\n\n\n\n<p><strong>Vertreten durch die Gesch\u00e4ftsf\u00fchrer<\/strong><br>Bennet Sch\u00fcbel<br>Constantin Drautzburg<br><br><\/p>\n\n\n\n<p><strong>Haftung f\u00fcr Inhalte gem\u00e4\u00df \u00a7 55 Abs. 2 RStV<\/strong><br>Bennet Sch\u00fcbel<br>Constantin Drautzburg<br><br><br><\/p>\n\n\n<h5><strong>Disclaimer (Haftungsausschluss)<br><\/strong><\/h5>\n\n\n<p><strong>Haftung f\u00fcr Inhalte<\/strong><\/p>\n\n\n\n<p>Als Diensteanbieter sind wir gem\u00e4\u00df \u00a7 7 Abs.1 TMG f\u00fcr eigene Inhalte auf diesen Seiten nach den allgemeinen Gesetzen verantwortlich. Nach \u00a7\u00a7 8 bis 10 TMG sind wir als Diensteanbieter jedoch nicht verpflichtet, \u00fcbermittelte oder gespeicherte fremde Informationen zu \u00fcberwachen oder nach Umst\u00e4nden zu forschen, die auf eine rechtswidrige T\u00e4tigkeit hinweisen. Verpflichtungen zur Entfernung oder Sperrung der Nutzung von Informationen nach den allgemeinen Gesetzen bleiben hiervon unber\u00fchrt. Eine diesbez\u00fcgliche Haftung ist jedoch erst ab dem Zeitpunkt der Kenntnis einer konkreten Rechtsverletzung m\u00f6glich. Bei Bekanntwerden von entsprechenden Rechtsverletzungen werden wir diese Inhalte umgehend entfernen.<br><br><\/p>\n\n\n\n<p><strong>Haftung f\u00fcr Links<\/strong><\/p>\n\n\n\n<p>Unser Angebot enth\u00e4lt Links zu externen Websites Dritter, auf deren Inhalte wir keinen Einfluss haben. Deshalb k\u00f6nnen wir f\u00fcr diese fremden Inhalte auch keine Gew\u00e4hr \u00fcbernehmen. F\u00fcr die Inhalte der verlinkten Seiten ist stets der jeweilige Anbieter oder Betreiber der Seiten verantwortlich. Die verlinkten Seiten wurden zum Zeitpunkt der Verlinkung auf m\u00f6gliche Rechtsverst\u00f6\u00dfe \u00fcberpr\u00fcft. Rechtswidrige Inhalte waren zum Zeitpunkt der Verlinkung nicht erkennbar. Eine permanente inhaltliche Kontrolle der verlinkten Seiten ist jedoch ohne konkrete Anhaltspunkte einer Rechtsverletzung nicht zumutbar. Bei Bekanntwerden von Rechtsverletzungen werden wir derartige Links umgehend entfernen.<br><br><\/p>\n\n\n\n<p><strong>Urheberrecht<\/strong><\/p>\n\n\n\n<p>Die durch die Seitenbetreiber erstellten Inhalte und Werke auf diesen Seiten unterliegen dem deutschen Urheberrecht. Die Vervielf\u00e4ltigung, Bearbeitung, Verbreitung und jede Art der Verwertung au\u00dferhalb der Grenzen des Urheberrechtes bed\u00fcrfen der schriftlichen Zustimmung des jeweiligen Autors bzw. Erstellers. Downloads und Kopien dieser Seite sind nur f\u00fcr den privaten, nicht kommerziellen Gebrauch gestattet. Soweit die Inhalte auf dieser Seite nicht vom Betreiber erstellt wurden, werden die Urheberrechte Dritter beachtet. Insbesondere werden Inhalte Dritter als solche gekennzeichnet. Sollten Sie trotzdem auf eine Urheberrechtsverletzung aufmerksam werden, bitten wir um einen entsprechenden Hinweis. Bei Bekanntwerden von Rechtsverletzungen werden wir derartige Inhalte umgehend entfernen.<br><br><\/p>\n\n\n<p>","protected":false},"excerpt":{"rendered":"<p>Angaben gem\u00e4\u00df \u00a7 5 Telemedien Gesetz (TMG) Z-MIG Consulting GmbH Busch\u00f6hrchen 38 | 53819 Neunkirchen-Seelscheid Telefon+49 (2247) 96 83 534 | +49 (171) 200 27 96 | +49 (160) 409 87 86Emailoffice@z-mig.com HandelsregisterRegistergericht: Amtsgericht SiegburgHandelsregister Nummer: HRB&nbsp;15243 SteuernummerUmsatzsteuer-Identifikationsnummergem\u00e4\u00df \u00a727 a Umsatzsteuergesetz (UStG): DE32198578 Vertreten durch die Gesch\u00e4ftsf\u00fchrerBennet Sch\u00fcbelConstantin Drautzburg Haftung f\u00fcr Inhalte gem\u00e4\u00df \u00a7 55&hellip; <br \/> <a class=\"button small blue\" href=\"https:\/\/z-mig.com\/de\/imprint\">Weiterlesen<\/a><\/p>\n","protected":false},"author":1,"featured_media":0,"parent":0,"menu_order":0,"comment_status":"closed","ping_status":"closed","template":"","meta":{"footnotes":""},"class_list":["post-75","page","type-page","status-publish","hentry"],"translation":{"provider":"WPGlobus","version":"3.0.2","language":"de","enabled_languages":["en","de"],"languages":{"en":{"title":true,"content":true,"excerpt":false},"de":{"title":true,"content":true,"excerpt":false}}},"_links":{"self":[{"href":"https:\/\/z-mig.com\/de\/wp-json\/wp\/v2\/pages\/75","targetHints":{"allow":["GET"]}}],"collection":[{"href":"https:\/\/z-mig.com\/de\/wp-json\/wp\/v2\/pages"}],"about":[{"href":"https:\/\/z-mig.com\/de\/wp-json\/wp\/v2\/types\/page"}],"author":[{"embeddable":true,"href":"https:\/\/z-mig.com\/de\/wp-json\/wp\/v2\/users\/1"}],"replies":[{"embeddable":true,"href":"https:\/\/z-mig.com\/de\/wp-json\/wp\/v2\/comments?post=75"}],"version-history":[{"count":57,"href":"https:\/\/z-mig.com\/de\/wp-json\/wp\/v2\/pages\/75\/revisions"}],"predecessor-version":[{"id":429,"href":"https:\/\/z-mig.com\/de\/wp-json\/wp\/v2\/pages\/75\/revisions\/429"}],"wp:attachment":[{"href":"https:\/\/z-mig.com\/de\/wp-json\/wp\/v2\/media?parent=75"}],"curies":[{"name":"wp","href":"https:\/\/api.w.org\/{rel}","templated":true}]}}